{"id":161,"date":"2016-10-25T15:19:54","date_gmt":"2016-10-25T15:19:54","guid":{"rendered":"http:\/\/lawyer2.mythemecloud.io\/?page_id=161"},"modified":"2022-01-13T12:55:58","modified_gmt":"2022-01-13T11:55:58","slug":"home","status":"publish","type":"page","link":"https:\/\/www.fullservice-ravenna.it\/","title":{"rendered":"Home"},"content":{"rendered":"\t\t<div data-elementor-type=\"wp-page\" data-elementor-id=\"161\" class=\"elementor elementor-161\">\n\t\t\t\t\t\t<section class=\"elementor-section elementor-top-section elementor-element elementor-element-db6b0ec elementor-section-boxed elementor-section-height-default elementor-section-height-default\" data-id=\"db6b0ec\" data-element_type=\"section\" data-e-type=\"section\">\n\t\t\t\t\t\t<div class=\"elementor-container elementor-column-gap-default\">\n\t\t\t\t\t<div class=\"elementor-column elementor-col-100 elementor-top-column elementor-element elementor-element-723ac2b\" data-id=\"723ac2b\" data-element_type=\"column\" data-e-type=\"column\">\n\t\t\t<div class=\"elementor-widget-wrap elementor-element-populated\">\n\t\t\t\t\t\t<div class=\"elementor-element elementor-element-cb1be0c elementor-widget elementor-widget-spacer\" data-id=\"cb1be0c\" data-element_type=\"widget\" data-e-type=\"widget\" data-widget_type=\"spacer.default\">\n\t\t\t\t<div class=\"elementor-widget-container\">\n\t\t\t\t\t\t\t<div class=\"elementor-spacer\">\n\t\t\t<div class=\"elementor-spacer-inner\"><\/div>\n\t\t<\/div>\n\t\t\t\t\t\t<\/div>\n\t\t\t\t<\/div>\n\t\t\t\t\t<\/div>\n\t\t<\/div>\n\t\t\t\t\t<\/div>\n\t\t<\/section>\n\t\t\t\t<section class=\"elementor-section elementor-top-section elementor-element elementor-element-9959c11 elementor-section-boxed elementor-section-height-default elementor-section-height-default\" data-id=\"9959c11\" data-element_type=\"section\" data-e-type=\"section\">\n\t\t\t\t\t\t<div class=\"elementor-container elementor-column-gap-default\">\n\t\t\t\t\t<div class=\"elementor-column elementor-col-33 elementor-top-column elementor-element elementor-element-97379b8\" data-id=\"97379b8\" data-element_type=\"column\" data-e-type=\"column\">\n\t\t\t<div class=\"elementor-widget-wrap elementor-element-populated\">\n\t\t\t\t\t\t<div class=\"elementor-element elementor-element-28ac24f elementor-widget elementor-widget-image\" data-id=\"28ac24f\" data-element_type=\"widget\" data-e-type=\"widget\" data-widget_type=\"image.default\">\n\t\t\t\t<div class=\"elementor-widget-container\">\n\t\t\t\t\t\t\t\t\t\t\t\t\t\t\t<img decoding=\"async\" width=\"300\" height=\"158\" src=\"https:\/\/www.fullservice-ravenna.it\/wp-content\/uploads\/2020\/08\/LN181.png\" class=\"attachment-medium size-medium wp-image-1033\" alt=\"\" \/>\t\t\t\t\t\t\t\t\t\t\t\t\t\t\t<\/div>\n\t\t\t\t<\/div>\n\t\t\t\t\t<\/div>\n\t\t<\/div>\n\t\t\t\t<div class=\"elementor-column elementor-col-66 elementor-top-column elementor-element elementor-element-932a853\" data-id=\"932a853\" data-element_type=\"column\" data-e-type=\"column\">\n\t\t\t<div class=\"elementor-widget-wrap elementor-element-populated\">\n\t\t\t\t\t\t<div class=\"elementor-element elementor-element-8be5806 elementor-widget elementor-widget-text-editor\" data-id=\"8be5806\" data-element_type=\"widget\" data-e-type=\"widget\" data-widget_type=\"text-editor.default\">\n\t\t\t\t<div class=\"elementor-widget-container\">\n\t\t\t\t\t\t\t\t\t<p style=\"font-variant-ligatures: normal; font-variant-caps: normal; font-family: Montserrat; font-size: 14px; font-style: normal; font-weight: 400;\">La\u00a0<span style=\"font-size: 14px; font-weight: bold;\">FULL SERVICE s.r.l.<\/span>\u00a0opera nel settore della sicurezza proponendo alla propria clientela le soluzioni piu&#8217; appropriate per la tutela dei propri dei propri beni.<\/p><p style=\"font-variant-ligatures: normal; font-variant-caps: normal; font-family: Montserrat; font-size: 14px; font-style: normal; font-weight: 400;\"><span style=\"font-size: 14px;\">Di qui l&#8217;impegno della\u00a0<span style=\"font-size: 14px; font-weight: bold;\">FULL SERVICE<\/span>\u00a0nella messa a punto di sistemi sicuri e affidabili, caratterizzati da una sempre pi\u00f9 sofisticata capacit\u00e0 di analisi dei segnali.<\/span><\/p><p style=\"font-variant-ligatures: normal; font-variant-caps: normal; font-family: Montserrat; font-size: 14px; font-style: normal; font-weight: 400;\"><span style=\"font-size: 14px;\">\u00a0<\/span><span style=\"font-variant-ligatures: normal; font-variant-caps: normal; font-family: Montserrat; font-size: 14px; font-style: normal; font-weight: 400;\">Che cosa proteggere e quale tipo di intrusione si vuole evitare?\u00a0<\/span><span style=\"font-variant-ligatures: normal; font-variant-caps: normal; font-family: Montserrat; font-size: 14px; font-style: normal; font-weight: 400;\">Quali sistemi \u00e8 preferibile adottare: difesa passiva (semplici &#8220;impedimenti a procedere&#8221;), difesa attiva (vere e proprie dichiarazioni di guerra all&#8217;eventuale intruso)\u00a0<\/span><span style=\"font-variant-ligatures: normal; font-variant-caps: normal; font-family: Montserrat; font-size: 14px; font-style: normal; font-weight: 400;\">o difese metodologiche (atteggiamenti e precauzioni suggeriti dall&#8217;esperienza e dal buon senso)? Oggi questa distinzione \u00e8 superata, perch\u00e9 gli aggressori,\u00a0<\/span><span style=\"font-variant-ligatures: normal; font-variant-caps: normal; font-family: Montserrat; font-size: 14px; font-style: normal; font-weight: 400;\">dai malviventi di passaggio alle squadre di ladri specializzati, sono sempre pi\u00f9 specializzati e informati sulle tecniche di difesa e protezione.\u00a0<\/span><\/p>\t\t\t\t\t\t\t\t<\/div>\n\t\t\t\t<\/div>\n\t\t\t\t\t<\/div>\n\t\t<\/div>\n\t\t\t\t\t<\/div>\n\t\t<\/section>\n\t\t\t\t<section class=\"elementor-section elementor-top-section elementor-element elementor-element-4af40bc elementor-section-boxed elementor-section-height-default elementor-section-height-default\" data-id=\"4af40bc\" data-element_type=\"section\" data-e-type=\"section\">\n\t\t\t\t\t\t<div class=\"elementor-container elementor-column-gap-default\">\n\t\t\t\t\t<div class=\"elementor-column elementor-col-33 elementor-top-column elementor-element elementor-element-7b62a03\" data-id=\"7b62a03\" data-element_type=\"column\" data-e-type=\"column\">\n\t\t\t<div class=\"elementor-widget-wrap elementor-element-populated\">\n\t\t\t\t\t\t<div class=\"elementor-element elementor-element-31d89b2 elementor-widget elementor-widget-image\" data-id=\"31d89b2\" data-element_type=\"widget\" data-e-type=\"widget\" data-widget_type=\"image.default\">\n\t\t\t\t<div class=\"elementor-widget-container\">\n\t\t\t\t\t\t\t\t\t\t\t\t\t\t\t<img fetchpriority=\"high\" decoding=\"async\" width=\"300\" height=\"255\" src=\"https:\/\/www.fullservice-ravenna.it\/wp-content\/uploads\/2020\/09\/render-XS-GRID-2-300x255.png\" class=\"attachment-medium size-medium wp-image-1183\" alt=\"\" srcset=\"https:\/\/www.fullservice-ravenna.it\/wp-content\/uploads\/2020\/09\/render-XS-GRID-2-300x255.png 300w, https:\/\/www.fullservice-ravenna.it\/wp-content\/uploads\/2020\/09\/render-XS-GRID-2-768x653.png 768w, https:\/\/www.fullservice-ravenna.it\/wp-content\/uploads\/2020\/09\/render-XS-GRID-2.png 900w\" sizes=\"(max-width: 300px) 100vw, 300px\" \/>\t\t\t\t\t\t\t\t\t\t\t\t\t\t\t<\/div>\n\t\t\t\t<\/div>\n\t\t\t\t\t<\/div>\n\t\t<\/div>\n\t\t\t\t<div class=\"elementor-column elementor-col-66 elementor-top-column elementor-element elementor-element-3c59741\" data-id=\"3c59741\" data-element_type=\"column\" data-e-type=\"column\">\n\t\t\t<div class=\"elementor-widget-wrap elementor-element-populated\">\n\t\t\t\t\t\t<div class=\"elementor-element elementor-element-d7864f1 elementor-widget elementor-widget-text-editor\" data-id=\"d7864f1\" data-element_type=\"widget\" data-e-type=\"widget\" data-widget_type=\"text-editor.default\">\n\t\t\t\t<div class=\"elementor-widget-container\">\n\t\t\t\t\t\t\t\t\t<p>Noi siamo in grado di effettuare, per la Vostra sicurezza, un monitoraggio continuo dell&#8217;impianto d&#8217;allarme ed essere informati in tempo reale su qualsiasi anomalia del sistema.<\/p><p>I nostri sistemi di sicurezza sono inoltre in grado di gestire domoticamente i Vostri impianti di casa (tapparelle, riscaldamento, irrigazione, ecc.) anche con accesso remoto da qualsiasi telefono.<\/p><p>Perch\u00e9 proteggere la casa. La sicurezza \u00e8 un valore fondamentale per la serenit\u00e0 della tua vita e per il benessere della tua famiglia.\u00a0<\/p>\t\t\t\t\t\t\t\t<\/div>\n\t\t\t\t<\/div>\n\t\t\t\t\t<\/div>\n\t\t<\/div>\n\t\t\t\t\t<\/div>\n\t\t<\/section>\n\t\t\t\t<section class=\"elementor-section elementor-top-section elementor-element elementor-element-d998e63 elementor-section-boxed elementor-section-height-default elementor-section-height-default\" data-id=\"d998e63\" data-element_type=\"section\" data-e-type=\"section\">\n\t\t\t\t\t\t<div class=\"elementor-container elementor-column-gap-default\">\n\t\t\t\t\t<div class=\"elementor-column elementor-col-66 elementor-top-column elementor-element elementor-element-60c4794\" data-id=\"60c4794\" data-element_type=\"column\" data-e-type=\"column\">\n\t\t\t<div class=\"elementor-widget-wrap elementor-element-populated\">\n\t\t\t\t\t\t<div class=\"elementor-element elementor-element-bbd419a elementor-widget elementor-widget-text-editor\" data-id=\"bbd419a\" data-element_type=\"widget\" data-e-type=\"widget\" data-widget_type=\"text-editor.default\">\n\t\t\t\t<div class=\"elementor-widget-container\">\n\t\t\t\t\t\t\t\t\t<p style=\"font-variant-ligatures: normal; font-variant-caps: normal; font-family: Montserrat; font-size: 14px; font-style: normal; font-weight: 400;\">Ci sono molte scelte che puoi fare per assicurare la tranquillit\u00e0 ai tuoi cari e farli vivere pi\u00f9 sicuri.\u00a0<\/p><p style=\"font-variant-ligatures: normal; font-variant-caps: normal; font-family: Montserrat; font-size: 14px; font-style: normal; font-weight: 400;\">Una di queste \u00e8 decidere di proteggere la tua casa dai possibili furti, installando un impianto antifurto innovativo, affidabile e di alta qualit\u00e0 come i sistemi da noi proposti.<\/p><p style=\"font-variant-ligatures: normal; font-variant-caps: normal; font-family: Montserrat; font-size: 14px; font-style: normal; font-weight: 400;\">Una delle soluzioni pi\u00f9 efficienti che la\u00a0<span style=\"font-size: 14px; font-weight: bold;\">FULL SERVICE<\/span>\u00a0propone ai suoi clienti, valutando il rapporto costi\/benefici, \u00e8 la videosorveglianza su IP.\u00a0<\/p><p style=\"font-variant-ligatures: normal; font-variant-caps: normal; font-family: Montserrat; font-size: 14px; font-style: normal; font-weight: 400;\">La tecnologia in questo settore ha compiuto passi da gigante; \u00e8 infatti possibile installare sistemi di videosorveglianza estremamente semplici da utilizzare,\u00a0ma allo stesso tempo molto performanti, controllabili tramite software installati sui comuni PC che offrono la possibilit\u00e0 di visualizzare le immagini da una postazione remota\u00a0e di registrare ogni movimento catturato dalla periferica.<\/p>\t\t\t\t\t\t\t\t<\/div>\n\t\t\t\t<\/div>\n\t\t\t\t\t<\/div>\n\t\t<\/div>\n\t\t\t\t<div class=\"elementor-column elementor-col-33 elementor-top-column elementor-element elementor-element-cc99fce\" data-id=\"cc99fce\" data-element_type=\"column\" data-e-type=\"column\">\n\t\t\t<div class=\"elementor-widget-wrap elementor-element-populated\">\n\t\t\t\t\t\t<div class=\"elementor-element elementor-element-33f430e elementor-widget elementor-widget-image\" data-id=\"33f430e\" data-element_type=\"widget\" data-e-type=\"widget\" data-widget_type=\"image.default\">\n\t\t\t\t<div class=\"elementor-widget-container\">\n\t\t\t\t\t\t\t\t\t\t\t\t\t\t\t<img decoding=\"async\" width=\"300\" height=\"225\" src=\"https:\/\/www.fullservice-ravenna.it\/wp-content\/uploads\/2020\/08\/CM704B_CMYK_1-300x225.jpg\" class=\"attachment-medium size-medium wp-image-1032\" alt=\"\" srcset=\"https:\/\/www.fullservice-ravenna.it\/wp-content\/uploads\/2020\/08\/CM704B_CMYK_1-300x225.jpg 300w, https:\/\/www.fullservice-ravenna.it\/wp-content\/uploads\/2020\/08\/CM704B_CMYK_1-1024x767.jpg 1024w, https:\/\/www.fullservice-ravenna.it\/wp-content\/uploads\/2020\/08\/CM704B_CMYK_1-768x575.jpg 768w, https:\/\/www.fullservice-ravenna.it\/wp-content\/uploads\/2020\/08\/CM704B_CMYK_1.jpg 1417w\" sizes=\"(max-width: 300px) 100vw, 300px\" \/>\t\t\t\t\t\t\t\t\t\t\t\t\t\t\t<\/div>\n\t\t\t\t<\/div>\n\t\t\t\t\t<\/div>\n\t\t<\/div>\n\t\t\t\t\t<\/div>\n\t\t<\/section>\n\t\t\t\t<section class=\"elementor-section elementor-top-section elementor-element elementor-element-fa67f6d elementor-section-boxed elementor-section-height-default elementor-section-height-default\" data-id=\"fa67f6d\" data-element_type=\"section\" data-e-type=\"section\">\n\t\t\t\t\t\t<div class=\"elementor-container elementor-column-gap-default\">\n\t\t\t\t\t<div class=\"elementor-column elementor-col-100 elementor-top-column elementor-element elementor-element-551526f\" data-id=\"551526f\" data-element_type=\"column\" data-e-type=\"column\">\n\t\t\t<div class=\"elementor-widget-wrap elementor-element-populated\">\n\t\t\t\t\t\t<div class=\"elementor-element elementor-element-46777fd elementor-widget elementor-widget-text-editor\" data-id=\"46777fd\" data-element_type=\"widget\" data-e-type=\"widget\" data-widget_type=\"text-editor.default\">\n\t\t\t\t<div class=\"elementor-widget-container\">\n\t\t\t\t\t\t\t\t\t<p>Stando comodamente seduti alla scrivania, a casa o in una centrale operativa, \u00e8 possibile vedere cosa sta succedendo nella vostra azienda,&nbsp;o nel luogo che avete il compito o la necessit\u00e0 di sorvegliare.&nbsp;<\/p>\n<p>In caso di allarme il sistema avvisa l&#8217;operatore attraverso le segnalazioni che sono state impostate in fase di configurazione; inviando quindi una email,&nbsp;avvisando attraverso una telefonata, oppure chiamando direttamente la stazione della polizia. Tramite un\u2018interfaccia grafica la gestione degli allarmi diventa molto semplice,&nbsp;\u00e8 poi possibile azionare da remoto il brandeggio e lo zoom delle videocamere attraverso il supporto PTZ (Pan\/Tilt\/Zoom), di cui sono dotati alcuni modelli.<\/p>\n<p>I sistemi di difesa per le strutture che contengono beni o persone sono oggi una necessit\u00e0, sia per gli alloggi del centro urbano che per le abitazioni isolate,&nbsp;il negozio, l&#8217;ufficio, l&#8217;industria, i luoghi aperti al pubblico. Per difesa oggi non si intende soltanto la protezione contro il furto, ma anche contro la rapina e l&#8217;incolumit\u00e0 fisica,&nbsp;oltre che la tutela e il controllo di persone inabili, macchinari e automatismi.<\/p>\n<p><b>FULL SERVICE<\/b>&nbsp;dispone di sistemi di sicurezza adatti a coprire gran parte delle esigenze residenziali e commerciali, nonch\u00e9 di sistemi &#8220;speciali&#8221;per soddisfare le esigenze d&#8217;elevata sicurezza.I sistemi comprendono: antifurto con o senza fili, rivelazione e spegnimento automatico di incendi,&nbsp;video sorveglianza con telecamere a circuito chiuso, videoregistrazione degli eventi con trasmissione delle immagini, controllo degli accessi e rivelazioni presenze.&nbsp;<\/p>\n<p>Gli impianti possono essere assistiti 24 ore su 24 e controllati a distanza tramite telefono.<\/p>\n<p><b>FULL SERVICE<\/b>&nbsp;utilizza e rivende esclusivamente materiali marcati CE (o superiore) e fabbricati da aziende di livello mondiale&nbsp;con processi di produzione certificati dalle norme internazionali ISO 9000 ed UNI EN.&nbsp;<\/p>\n<p><b>FULL SERVICE<\/b>&nbsp;certifica i suoi impianti secondo le disposizioni&nbsp;della Legge n\u00b0 46 del 1990 e successive modifiche, sgravando cos\u00ec l&#8217;utente da qualsiasi responsabilit\u00e0.&nbsp;<\/p>\n<p><\/p>\n<p><u>LA SOCIET\u00c0 HA RICEVUTO NEL CORSO DEL 2020 AIUTI DI STATO PUBBLICATI SUL RNA SEZIONE TRASPARENZA<\/u><\/p>\t\t\t\t\t\t\t\t<\/div>\n\t\t\t\t<\/div>\n\t\t\t\t\t<\/div>\n\t\t<\/div>\n\t\t\t\t\t<\/div>\n\t\t<\/section>\n\t\t\t\t<\/div>\n\t\t","protected":false},"excerpt":{"rendered":"<p>La\u00a0FULL SERVICE s.r.l.\u00a0opera nel settore della sicurezza proponendo alla propria clientela le soluzioni piu&#8217; appropriate per la tutela dei propri dei propri beni. Di qui l&#8217;impegno della\u00a0FULL SERVICE\u00a0nella messa a punto di sistemi sicuri e affidabili, caratterizzati da una sempre pi\u00f9 sofisticata capacit\u00e0 di analisi dei segnali. \u00a0Che cosa proteggere e quale tipo di intrusione [&hellip;]<\/p>\n","protected":false},"author":1,"featured_media":0,"parent":0,"menu_order":0,"comment_status":"closed","ping_status":"closed","template":"","meta":{"_monsterinsights_skip_tracking":false,"_monsterinsights_sitenote_active":false,"_monsterinsights_sitenote_note":"","_monsterinsights_sitenote_category":0,"_uf_show_specific_survey":0,"_uf_disable_surveys":false,"ocean_post_layout":"full-screen","ocean_both_sidebars_style":"","ocean_both_sidebars_content_width":0,"ocean_both_sidebars_sidebars_width":0,"ocean_sidebar":"0","ocean_second_sidebar":"0","ocean_disable_margins":"on","ocean_add_body_class":"","ocean_shortcode_before_top_bar":"","ocean_shortcode_after_top_bar":"","ocean_shortcode_before_header":"","ocean_shortcode_after_header":"","ocean_has_shortcode":"","ocean_shortcode_after_title":"","ocean_shortcode_before_footer_widgets":"","ocean_shortcode_after_footer_widgets":"","ocean_shortcode_before_footer_bottom":"","ocean_shortcode_after_footer_bottom":"","ocean_display_top_bar":"default","ocean_display_header":"default","ocean_header_style":"","ocean_center_header_left_menu":"0","ocean_custom_header_template":"0","ocean_custom_logo":0,"ocean_custom_retina_logo":0,"ocean_custom_logo_max_width":0,"ocean_custom_logo_tablet_max_width":0,"ocean_custom_logo_mobile_max_width":0,"ocean_custom_logo_max_height":0,"ocean_custom_logo_tablet_max_height":0,"ocean_custom_logo_mobile_max_height":0,"ocean_header_custom_menu":"0","ocean_menu_typo_font_family":"0","ocean_menu_typo_font_subset":"","ocean_menu_typo_font_size":0,"ocean_menu_typo_font_size_tablet":0,"ocean_menu_typo_font_size_mobile":0,"ocean_menu_typo_font_size_unit":"px","ocean_menu_typo_font_weight":"","ocean_menu_typo_font_weight_tablet":"","ocean_menu_typo_font_weight_mobile":"","ocean_menu_typo_transform":"","ocean_menu_typo_transform_tablet":"","ocean_menu_typo_transform_mobile":"","ocean_menu_typo_line_height":0,"ocean_menu_typo_line_height_tablet":0,"ocean_menu_typo_line_height_mobile":0,"ocean_menu_typo_line_height_unit":"","ocean_menu_typo_spacing":0,"ocean_menu_typo_spacing_tablet":0,"ocean_menu_typo_spacing_mobile":0,"ocean_menu_typo_spacing_unit":"","ocean_menu_link_color":"","ocean_menu_link_color_hover":"","ocean_menu_link_color_active":"","ocean_menu_link_background":"","ocean_menu_link_hover_background":"","ocean_menu_link_active_background":"","ocean_menu_social_links_bg":"","ocean_menu_social_hover_links_bg":"","ocean_menu_social_links_color":"","ocean_menu_social_hover_links_color":"","ocean_disable_title":"on","ocean_disable_heading":"default","ocean_post_title":"","ocean_post_subheading":"","ocean_post_title_style":"","ocean_post_title_background_color":"","ocean_post_title_background":0,"ocean_post_title_bg_image_position":"","ocean_post_title_bg_image_attachment":"","ocean_post_title_bg_image_repeat":"","ocean_post_title_bg_image_size":"","ocean_post_title_height":0,"ocean_post_title_bg_overlay":0.5,"ocean_post_title_bg_overlay_color":"","ocean_disable_breadcrumbs":"default","ocean_breadcrumbs_color":"","ocean_breadcrumbs_separator_color":"","ocean_breadcrumbs_links_color":"","ocean_breadcrumbs_links_hover_color":"","ocean_display_footer_widgets":"default","ocean_display_footer_bottom":"default","ocean_custom_footer_template":"0","omw_enable_modal_window":"enable","footnotes":""},"class_list":["post-161","page","type-page","status-publish","hentry","entry"],"aioseo_notices":[],"_links":{"self":[{"href":"https:\/\/www.fullservice-ravenna.it\/index.php\/wp-json\/wp\/v2\/pages\/161","targetHints":{"allow":["GET"]}}],"collection":[{"href":"https:\/\/www.fullservice-ravenna.it\/index.php\/wp-json\/wp\/v2\/pages"}],"about":[{"href":"https:\/\/www.fullservice-ravenna.it\/index.php\/wp-json\/wp\/v2\/types\/page"}],"author":[{"embeddable":true,"href":"https:\/\/www.fullservice-ravenna.it\/index.php\/wp-json\/wp\/v2\/users\/1"}],"replies":[{"embeddable":true,"href":"https:\/\/www.fullservice-ravenna.it\/index.php\/wp-json\/wp\/v2\/comments?post=161"}],"version-history":[{"count":0,"href":"https:\/\/www.fullservice-ravenna.it\/index.php\/wp-json\/wp\/v2\/pages\/161\/revisions"}],"wp:attachment":[{"href":"https:\/\/www.fullservice-ravenna.it\/index.php\/wp-json\/wp\/v2\/media?parent=161"}],"curies":[{"name":"wp","href":"https:\/\/api.w.org\/{rel}","templated":true}]}}