{"id":852,"date":"2020-08-26T22:27:32","date_gmt":"2020-08-26T20:27:32","guid":{"rendered":"https:\/\/www.fullservice-ravenna.it\/?page_id=852"},"modified":"2020-08-28T14:36:49","modified_gmt":"2020-08-28T12:36:49","slug":"telesoccorso-e-antimalore","status":"publish","type":"page","link":"https:\/\/www.fullservice-ravenna.it\/index.php\/prodotti\/telesoccorso-e-antimalore\/","title":{"rendered":"Telesoccorso e Antimalore"},"content":{"rendered":"\t\t<div data-elementor-type=\"wp-page\" data-elementor-id=\"852\" class=\"elementor elementor-852\">\n\t\t\t\t\t\t<section class=\"elementor-section elementor-top-section elementor-element elementor-element-d363e92 elementor-section-boxed elementor-section-height-default elementor-section-height-default\" data-id=\"d363e92\" data-element_type=\"section\" data-e-type=\"section\">\n\t\t\t\t\t\t<div class=\"elementor-container elementor-column-gap-default\">\n\t\t\t\t\t<div class=\"elementor-column elementor-col-100 elementor-top-column elementor-element elementor-element-1dd0217\" data-id=\"1dd0217\" data-element_type=\"column\" data-e-type=\"column\">\n\t\t\t<div class=\"elementor-widget-wrap elementor-element-populated\">\n\t\t\t\t\t\t<div class=\"elementor-element elementor-element-be6e24e elementor-widget elementor-widget-image\" data-id=\"be6e24e\" data-element_type=\"widget\" data-e-type=\"widget\" data-widget_type=\"image.default\">\n\t\t\t\t<div class=\"elementor-widget-container\">\n\t\t\t\t\t\t\t\t\t\t\t\t\t\t\t<img fetchpriority=\"high\" decoding=\"async\" width=\"389\" height=\"129\" src=\"https:\/\/www.fullservice-ravenna.it\/wp-content\/uploads\/2020\/08\/soccorso.jpg\" class=\"attachment-large size-large wp-image-984\" alt=\"\" srcset=\"https:\/\/www.fullservice-ravenna.it\/wp-content\/uploads\/2020\/08\/soccorso.jpg 389w, https:\/\/www.fullservice-ravenna.it\/wp-content\/uploads\/2020\/08\/soccorso-300x99.jpg 300w\" sizes=\"(max-width: 389px) 100vw, 389px\" \/>\t\t\t\t\t\t\t\t\t\t\t\t\t\t\t<\/div>\n\t\t\t\t<\/div>\n\t\t\t\t\t<\/div>\n\t\t<\/div>\n\t\t\t\t\t<\/div>\n\t\t<\/section>\n\t\t\t\t<section class=\"elementor-section elementor-top-section elementor-element elementor-element-6af34d1c elementor-section-boxed elementor-section-height-default elementor-section-height-default\" data-id=\"6af34d1c\" data-element_type=\"section\" data-e-type=\"section\">\n\t\t\t\t\t\t<div class=\"elementor-container elementor-column-gap-default\">\n\t\t\t\t\t<div class=\"elementor-column elementor-col-100 elementor-top-column elementor-element elementor-element-28548173\" data-id=\"28548173\" data-element_type=\"column\" data-e-type=\"column\">\n\t\t\t<div class=\"elementor-widget-wrap elementor-element-populated\">\n\t\t\t\t\t\t<div class=\"elementor-element elementor-element-5e8b8431 elementor-widget elementor-widget-text-editor\" data-id=\"5e8b8431\" data-element_type=\"widget\" data-e-type=\"widget\" data-widget_type=\"text-editor.default\">\n\t\t\t\t<div class=\"elementor-widget-container\">\n\t\t\t\t\t\t\t\t\t\n<p><strong>TELESOCCORSO<\/strong><br>Il sistema di telesoccorso permette agli utenti all\u2019interno dei locali protetti di attivare, tramite radiocomando, una chiamata telefonica di soccorso verso interlocutori o strutture che possono intervenire prontamente con appoggio sia morale che fisico.<br>Si tratta di uno strumento particolarmente adatto per tutte quelle persone (anziani, ammalati, disabili, ecc.) che in caso di necessit\u00e0 hanno bisogno con una semplice manovra di mettersi in contatto direttamente via telefono con un proprio congiunto oppure direttamente con strutture preposte (assistenza medica, forze dell\u2019ordine, vigili del fuoco, ecc.). Tutto questo \u00e8 possibile sruttando le svariate modalit\u00e0 di programmazione della centralina di gestione.<br>La centralina consente, oltre alla comunicazione audio bidirezionale (cio\u00e8 i due interlocutori possono parlarsi liberamente e comunque chi riceve la chiamata \u00e8 sempre in grado di ascoltare ci\u00f2 che succede nell\u2019ambiente del chiamante), anche la gestione video e il monitoraggio dell\u2019ambiente attraverso telecamere Wireless in grado di trasmettere le immagini via GSM sul telefono del ricevente.<br><strong>ANTIMALORE<\/strong><br>Il sistema antimalore sfrutta le potenzialit\u00e0 dei rivelatori volumetrici antintrusione, anche ad impianto disinserito, i quali possono essere programmati per rilevare eventuali movimenti, anche di piccola entit\u00e0, che evidenziano la presenza di persone attive ed in movimento all\u2019interno dell\u2019abitazione.<br>E\u2019 possibile programmare una fascia temporale di controllo per cui, se dopo un certo intervallo di tempo preimpostato il sistema non rileva nessun tipo di movimento fisico, si attiva immediatamente il collegamento a distanza con l\u2019interlocutore preposto, il quale avr\u00e0 la possibilit\u00e0 di verificare lo stato di salute del chiamante sia in modalit\u00e0 acustica che visiva, attivando le procedure relative.<br>Tutte le chiamate e le verifiche possono essere inoltrate per comodit\u00e0 ad un unico supporto centralizzato di vigilanza elettronica, il quale penser\u00e0 poi ad attivare le procedure conseguenti alla tipologia d\u2019intervento necessario.<\/p>\n\t\t\t\t\t\t\t\t<\/div>\n\t\t\t\t<\/div>\n\t\t\t\t\t<\/div>\n\t\t<\/div>\n\t\t\t\t\t<\/div>\n\t\t<\/section>\n\t\t\t\t<\/div>\n\t\t","protected":false},"excerpt":{"rendered":"<p>TELESOCCORSOIl sistema di telesoccorso permette agli utenti all\u2019interno dei locali protetti di attivare, tramite radiocomando, una chiamata telefonica di soccorso verso interlocutori o strutture che possono intervenire prontamente con appoggio sia morale che fisico.Si tratta di uno strumento particolarmente adatto per tutte quelle persone (anziani, ammalati, disabili, ecc.) che in caso di necessit\u00e0 hanno bisogno [&hellip;]<\/p>\n","protected":false},"author":1,"featured_media":0,"parent":294,"menu_order":0,"comment_status":"closed","ping_status":"closed","template":"","meta":{"_monsterinsights_skip_tracking":false,"_monsterinsights_sitenote_active":false,"_monsterinsights_sitenote_note":"","_monsterinsights_sitenote_category":0,"_uf_show_specific_survey":0,"_uf_disable_surveys":false,"ocean_post_layout":"","ocean_both_sidebars_style":"","ocean_both_sidebars_content_width":0,"ocean_both_sidebars_sidebars_width":0,"ocean_sidebar":"0","ocean_second_sidebar":"0","ocean_disable_margins":"enable","ocean_add_body_class":"","ocean_shortcode_before_top_bar":"","ocean_shortcode_after_top_bar":"","ocean_shortcode_before_header":"","ocean_shortcode_after_header":"","ocean_has_shortcode":"","ocean_shortcode_after_title":"","ocean_shortcode_before_footer_widgets":"","ocean_shortcode_after_footer_widgets":"","ocean_shortcode_before_footer_bottom":"","ocean_shortcode_after_footer_bottom":"","ocean_display_top_bar":"default","ocean_display_header":"default","ocean_header_style":"","ocean_center_header_left_menu":"0","ocean_custom_header_template":"0","ocean_custom_logo":0,"ocean_custom_retina_logo":0,"ocean_custom_logo_max_width":0,"ocean_custom_logo_tablet_max_width":0,"ocean_custom_logo_mobile_max_width":0,"ocean_custom_logo_max_height":0,"ocean_custom_logo_tablet_max_height":0,"ocean_custom_logo_mobile_max_height":0,"ocean_header_custom_menu":"0","ocean_menu_typo_font_family":"0","ocean_menu_typo_font_subset":"","ocean_menu_typo_font_size":0,"ocean_menu_typo_font_size_tablet":0,"ocean_menu_typo_font_size_mobile":0,"ocean_menu_typo_font_size_unit":"px","ocean_menu_typo_font_weight":"","ocean_menu_typo_font_weight_tablet":"","ocean_menu_typo_font_weight_mobile":"","ocean_menu_typo_transform":"","ocean_menu_typo_transform_tablet":"","ocean_menu_typo_transform_mobile":"","ocean_menu_typo_line_height":0,"ocean_menu_typo_line_height_tablet":0,"ocean_menu_typo_line_height_mobile":0,"ocean_menu_typo_line_height_unit":"","ocean_menu_typo_spacing":0,"ocean_menu_typo_spacing_tablet":0,"ocean_menu_typo_spacing_mobile":0,"ocean_menu_typo_spacing_unit":"","ocean_menu_link_color":"","ocean_menu_link_color_hover":"","ocean_menu_link_color_active":"","ocean_menu_link_background":"","ocean_menu_link_hover_background":"","ocean_menu_link_active_background":"","ocean_menu_social_links_bg":"","ocean_menu_social_hover_links_bg":"","ocean_menu_social_links_color":"","ocean_menu_social_hover_links_color":"","ocean_disable_title":"default","ocean_disable_heading":"default","ocean_post_title":"","ocean_post_subheading":"","ocean_post_title_style":"","ocean_post_title_background_color":"","ocean_post_title_background":0,"ocean_post_title_bg_image_position":"","ocean_post_title_bg_image_attachment":"","ocean_post_title_bg_image_repeat":"","ocean_post_title_bg_image_size":"","ocean_post_title_height":0,"ocean_post_title_bg_overlay":0.5,"ocean_post_title_bg_overlay_color":"","ocean_disable_breadcrumbs":"default","ocean_breadcrumbs_color":"","ocean_breadcrumbs_separator_color":"","ocean_breadcrumbs_links_color":"","ocean_breadcrumbs_links_hover_color":"","ocean_display_footer_widgets":"default","ocean_display_footer_bottom":"default","ocean_custom_footer_template":"0","omw_enable_modal_window":"enable","footnotes":""},"class_list":["post-852","page","type-page","status-publish","hentry","entry"],"aioseo_notices":[],"_links":{"self":[{"href":"https:\/\/www.fullservice-ravenna.it\/index.php\/wp-json\/wp\/v2\/pages\/852","targetHints":{"allow":["GET"]}}],"collection":[{"href":"https:\/\/www.fullservice-ravenna.it\/index.php\/wp-json\/wp\/v2\/pages"}],"about":[{"href":"https:\/\/www.fullservice-ravenna.it\/index.php\/wp-json\/wp\/v2\/types\/page"}],"author":[{"embeddable":true,"href":"https:\/\/www.fullservice-ravenna.it\/index.php\/wp-json\/wp\/v2\/users\/1"}],"replies":[{"embeddable":true,"href":"https:\/\/www.fullservice-ravenna.it\/index.php\/wp-json\/wp\/v2\/comments?post=852"}],"version-history":[{"count":0,"href":"https:\/\/www.fullservice-ravenna.it\/index.php\/wp-json\/wp\/v2\/pages\/852\/revisions"}],"up":[{"embeddable":true,"href":"https:\/\/www.fullservice-ravenna.it\/index.php\/wp-json\/wp\/v2\/pages\/294"}],"wp:attachment":[{"href":"https:\/\/www.fullservice-ravenna.it\/index.php\/wp-json\/wp\/v2\/media?parent=852"}],"curies":[{"name":"wp","href":"https:\/\/api.w.org\/{rel}","templated":true}]}}